{"id":2096,"date":"2011-02-25T10:26:41","date_gmt":"2011-02-25T09:26:41","guid":{"rendered":"http:\/\/www.icr.rs\/m\/?page_id=2096"},"modified":"2024-09-02T11:41:26","modified_gmt":"2024-09-02T09:41:26","slug":"projektek","status":"publish","type":"page","link":"https:\/\/www.icr.rs\/m\/projektek\/","title":{"rendered":"Projektek"},"content":{"rendered":"<p><img decoding=\"async\" src=\"https:\/\/www.icr.rs\/wp-content\/themes\/yootheme\/cache\/89\/projekti-894b7a88.webp\" alt=\"\"><\/p>\n<ul>\n<li>\n        <a href=\"\/m\/projektek\/hu-srb-ipa\/\">HU-SRB IPA<\/a>\n    <\/li>\n<li>\n        <a href=\"\/m\/projektek\/ro-srb-ipa\/\">RO-SRB IPA<\/a>\n    <\/li>\n<li>\n        <a href=\"\/m\/projektek\/bethlen-gabor-alap\/\">BETHLEN G\u00c1BOR ALAP<\/a>\n    <\/li>\n<li>\n        <a href=\"\/m\/traininglab\/\">TRAININGLAB<\/a>\n    <\/li>\n<li>\n        <a href=\"\/m\/projektek\/valassz-magadnak-sportot\/\">V\u00e1lassz magadnak sportot!<\/a>\n    <\/li>\n<\/ul>\n<div>\n<p>A projekt\u00edr\u00e1st a helyi \u00f6nkorm\u00e1nyzat, a muvelod\u00e9si-, oktat\u00e1si \u00e9s muv\u00e9szeti int\u00e9zm\u00e9nyek, nemkorm\u00e1nyzati szervek, polg\u00e1rok t\u00e1rsul\u00e1sa \u00e9s a term\u00e9szetes szem\u00e9lyek r\u00e9sz\u00e9re v\u00e9gezz\u00fck. Az iroda muk\u00f6d\u00e9se \u00f3ta, az iroda munkat\u00e1rsai nagy tapasztalatot szereztek a projektek \u00edr\u00e1s\u00e1ban.<\/p>\n<\/div>\n<p><!--more--><br \/>\n<!-- {\"type\":\"layout\",\"children\":[{\"type\":\"section\",\"props\":{\"image_position\":\"center-center\",\"style\":\"default\",\"title_breakpoint\":\"xl\",\"title_position\":\"top-left\",\"title_rotation\":\"left\",\"vertical_align\":\"middle\",\"width\":\"default\"},\"children\":[{\"type\":\"row\",\"children\":[{\"type\":\"column\",\"props\":{\"image_position\":\"center-center\",\"position_sticky_breakpoint\":\"m\"},\"children\":[{\"type\":\"image\",\"props\":{\"image\":\"https:\\\/\\\/www.icr.rs\\\/wp-content\\\/themes\\\/yootheme\\\/cache\\\/89\\\/projekti-894b7a88.webp\",\"image_svg_color\":\"emphasis\",\"margin\":\"default\"}},{\"type\":\"button\",\"props\":{\"grid_column_gap\":\"small\",\"grid_row_gap\":\"small\",\"margin\":\"default\"},\"children\":[{\"type\":\"button_item\",\"props\":{\"button_style\":\"default\",\"content\":\"HU-SRB IPA\",\"icon\":\"play\",\"icon_align\":\"left\",\"link\":\"projektek\\\/hu-srb-ipa\\\/\"}},{\"type\":\"button_item\",\"props\":{\"button_style\":\"default\",\"content\":\"RO-SRB IPA\",\"icon\":\"play\",\"icon_align\":\"left\",\"link\":\"projektek\\\/ro-srb-ipa\\\/\"}},{\"type\":\"button_item\",\"props\":{\"button_style\":\"default\",\"content\":\"BETHLEN G\\u00c1BOR ALAP\",\"icon\":\"play\",\"icon_align\":\"left\",\"link\":\"projektek\\\/bethlen-gabor-alap\\\/\"}},{\"type\":\"button_item\",\"props\":{\"button_style\":\"default\",\"content\":\"TRAININGLAB\",\"icon\":\"play\",\"icon_align\":\"left\",\"link\":\"traininglab\\\/\"}},{\"type\":\"button_item\",\"props\":{\"button_style\":\"default\",\"content\":\"V\\u00e1lassz magadnak sportot!\",\"icon\":\"play\",\"icon_align\":\"left\",\"link\":\"projektek\\\/valassz-magadnak-sportot\\\/\"}}]},{\"type\":\"text\",\"props\":{\"column_breakpoint\":\"m\",\"content\":\"\n\n<p>A projekt\\u00edr\\u00e1st a helyi \\u00f6nkorm\\u00e1nyzat, a muvelod\\u00e9si-, oktat\\u00e1si \\u00e9s muv\\u00e9szeti int\\u00e9zm\\u00e9nyek, nemkorm\\u00e1nyzati szervek, polg\\u00e1rok t\\u00e1rsul\\u00e1sa \\u00e9s a term\\u00e9szetes szem\\u00e9lyek r\\u00e9sz\\u00e9re v\\u00e9gezz\\u00fck. Az iroda muk\\u00f6d\\u00e9se \\u00f3ta, az iroda munkat\\u00e1rsai nagy tapasztalatot szereztek a projektek \\u00edr\\u00e1s\\u00e1ban.<\\\/p>\",\"margin\":\"default\"}}]}]}]}],\"version\":\"4.4.7\"} --><\/p>\n","protected":false},"excerpt":{"rendered":"<p>HU-SRB IPA RO-SRB IPA BETHLEN G\u00c1BOR ALAP TRAININGLAB V\u00e1lassz magadnak sportot! A projekt\u00edr\u00e1st a helyi \u00f6nkorm\u00e1nyzat, a muvelod\u00e9si-, oktat\u00e1si \u00e9s muv\u00e9szeti int\u00e9zm\u00e9nyek, nemkorm\u00e1nyzati szervek, polg\u00e1rok t\u00e1rsul\u00e1sa \u00e9s a term\u00e9szetes szem\u00e9lyek r\u00e9sz\u00e9re v\u00e9gezz\u00fck. Az iroda muk\u00f6d\u00e9se \u00f3ta, az iroda munkat\u00e1rsai nagy tapasztalatot szereztek a projektek \u00edr\u00e1s\u00e1ban.<\/p>\n","protected":false},"author":2,"featured_media":0,"parent":0,"menu_order":1,"comment_status":"closed","ping_status":"open","template":"","meta":{"footnotes":""},"class_list":["post-2096","page","type-page","status-publish","hentry"],"_links":{"self":[{"href":"https:\/\/www.icr.rs\/m\/wp-json\/wp\/v2\/pages\/2096","targetHints":{"allow":["GET"]}}],"collection":[{"href":"https:\/\/www.icr.rs\/m\/wp-json\/wp\/v2\/pages"}],"about":[{"href":"https:\/\/www.icr.rs\/m\/wp-json\/wp\/v2\/types\/page"}],"author":[{"embeddable":true,"href":"https:\/\/www.icr.rs\/m\/wp-json\/wp\/v2\/users\/2"}],"replies":[{"embeddable":true,"href":"https:\/\/www.icr.rs\/m\/wp-json\/wp\/v2\/comments?post=2096"}],"version-history":[{"count":3,"href":"https:\/\/www.icr.rs\/m\/wp-json\/wp\/v2\/pages\/2096\/revisions"}],"predecessor-version":[{"id":4928,"href":"https:\/\/www.icr.rs\/m\/wp-json\/wp\/v2\/pages\/2096\/revisions\/4928"}],"wp:attachment":[{"href":"https:\/\/www.icr.rs\/m\/wp-json\/wp\/v2\/media?parent=2096"}],"curies":[{"name":"wp","href":"https:\/\/api.w.org\/{rel}","templated":true}]}}