{"id":458,"date":"2010-06-10T10:33:30","date_gmt":"2010-06-10T10:33:30","guid":{"rendered":"http:\/\/www.mikida-sunny.com\/icr\/?page_id=2"},"modified":"2016-04-01T11:01:53","modified_gmt":"2016-04-01T09:01:53","slug":"rolunk","status":"publish","type":"page","link":"http:\/\/www.icr.rs\/m\/rolunk\/","title":{"rendered":"R\u00f3lunk"},"content":{"rendered":"<p><img loading=\"lazy\" decoding=\"async\" src=\"http:\/\/www.icr.rs\/m\/wp-content\/uploads\/2010\/09\/o-nama-navi-m.gif\" alt=\"\" usemap=\"#Map\" width=\"894\" height=\"146\" border=\"0\" \/><\/p>\n<map name=\"Map\">\n<area coords=\"137,21,277,52\" shape=\"rect\" href=\"http:\/\/www.icr.rs\/m\/rolunk\/icr-csapat\/\" \/>\n<area coords=\"314,20,461,54\" shape=\"rect\" href=\"http:\/\/www.icr.rs\/m\/rolunk\/referenciak\/\" \/>\n<area coords=\"476,20,622,55\" shape=\"rect\" href=\"http:\/\/www.icr.rs\/m\/rolunk\/alapszabaly\/\" \/>\n<area coords=\"646,18,810,57\" shape=\"rect\" href=\"http:\/\/www.icr.rs\/m\/rolunk\/masok-rolunk\/\" \/> <\/map>\n<p><strong>Informacioni Centar za Razvoj Potiskog regiona<\/strong> osnovan je od strane Skup\u0161tine op\u0161tine Kanji\u017ea u maju 2005. godine sa zadatkom da pospe\u0161i i pomogne razvoj op\u0161tine Kanji\u017ee.<\/p>\n<p>Na\u0161 glavni zadatak je da nevladinim organizacijama, zadrugama, neprofitnim i profitnim organizacijama, kao i svim zainteresovanim pru\u017eimo pravovremene i korisne informacije o njihovim mogu\u0107nostima za razvoj. Ovo, pre svega, \u017eelimo da postignemo pra\u0107enjem raspisanih grantova kako doma\u0107ih ministarstava, fondova i organizacija, tako i stranih institucija, evropskih fondova za razvoj, i svih ostalih me\u0111unarodnih organizacija. Pra\u0107enjem interneta i ostalih medija, pronalazimo i izdvajamo grantove\/ konkurse koji bi mogli da zainteresuju organizacije u na\u0161oj sredini. Sve grantove redovno objavljujemo putem baze podataka koja se nalazi na ovoj internet stranici, putem dopisa kao i putem ostalih medija.<\/p>\n<p>Jedna od na\u0161ih osnovnih aktivnosti, osim pru\u017eanja informacija i savetodavne funkcije, je i preuzimanje svih poslova pisanja projekata radi dobijanja odgovaraju\u0107ih grantova u ime subjekata koji nas za to ovlaste. Spremni smo za lokalnu, regionalnu i me\u0111unarodnu saradnju sa svim srodnim organizacijama, kao i za pronala\u017eenje donatora i potencijalnih ulaga\u010da za projekte koji su od op\u0161teg interesa za sve gra\u0111ane op\u0161tine Kanji\u017ea.<\/p>\n<p>Od 2009. godine ICR postaje Informacioni centar za razvoj Potiskog regiona, i stavlja svoje znanje i iskustvo na raspolaganje op\u0161tinama potisja. Sa ciljem integrisanja napora vi\u0161e op\u0161tina potpisan je Protokol o saradnji op\u0161tina Potiskog regiona. Ovim potpisom op\u0161tine Ada, Be\u010dej, \u010coka, Kanji\u017ea, Novi Be\u010dej, Novi Kne\u017eevac, Senta ICR-u daju zadatak da koordinira ve\u0107e regionalne projekte i oja\u010da kapacitete op\u0161tina za konkurisanje na me\u0111unarodne prekograni\u010dne susedske projekte.<\/p>\n","protected":false},"excerpt":{"rendered":"<p>Informacioni Centar za Razvoj Potiskog regiona osnovan je od strane Skup\u0161tine op\u0161tine Kanji\u017ea u maju 2005. godine sa zadatkom da pospe\u0161i i pomogne razvoj op\u0161tine Kanji\u017ee. Na\u0161 glavni zadatak je da nevladinim organizacijama, zadrugama, neprofitnim i profitnim organizacijama, kao i svim zainteresovanim pru\u017eimo pravovremene i korisne informacije o njihovim mogu\u0107nostima za razvoj. Ovo, pre svega, [&hellip;]<\/p>\n","protected":false},"author":101011,"featured_media":0,"parent":0,"menu_order":2,"comment_status":"closed","ping_status":"closed","template":"template-1column.php","meta":{"footnotes":""},"class_list":["post-458","page","type-page","status-publish","hentry"],"_links":{"self":[{"href":"http:\/\/www.icr.rs\/m\/wp-json\/wp\/v2\/pages\/458","targetHints":{"allow":["GET"]}}],"collection":[{"href":"http:\/\/www.icr.rs\/m\/wp-json\/wp\/v2\/pages"}],"about":[{"href":"http:\/\/www.icr.rs\/m\/wp-json\/wp\/v2\/types\/page"}],"author":[{"embeddable":true,"href":"http:\/\/www.icr.rs\/m\/wp-json\/wp\/v2\/users\/101011"}],"replies":[{"embeddable":true,"href":"http:\/\/www.icr.rs\/m\/wp-json\/wp\/v2\/comments?post=458"}],"version-history":[{"count":3,"href":"http:\/\/www.icr.rs\/m\/wp-json\/wp\/v2\/pages\/458\/revisions"}],"predecessor-version":[{"id":4000,"href":"http:\/\/www.icr.rs\/m\/wp-json\/wp\/v2\/pages\/458\/revisions\/4000"}],"wp:attachment":[{"href":"http:\/\/www.icr.rs\/m\/wp-json\/wp\/v2\/media?parent=458"}],"curies":[{"name":"wp","href":"https:\/\/api.w.org\/{rel}","templated":true}]}}