{"id":1440,"date":"2010-06-10T11:41:30","date_gmt":"2010-06-10T09:41:30","guid":{"rendered":"http:\/\/www.mikida-sunny.com\/icr\/?page_id=9"},"modified":"2024-09-02T11:56:58","modified_gmt":"2024-09-02T09:56:58","slug":"elerhetoseg","status":"publish","type":"page","link":"http:\/\/www.icr.rs\/m\/elerhetoseg\/","title":{"rendered":"Kapcsolat"},"content":{"rendered":"<div>\n<p>46.0643,20.0603<\/p>\n<h3>Tisza Menti Inform\u00e1ci\u00f3s Fejleszt\u00e9si K\u00f6zpont<\/h3>\n<div>\n<p>F\u0151 t\u00e9r 1.<br \/>24420 Magyarkanizsa<\/p>\n<p>tel: +381 (0)24 4873 151<\/p>\n<\/div>\n<\/div>\n<div>\n<p><strong>Tisza Menti Inform\u00e1ci\u00f3s Fejleszt\u00e9si K\u00f6zpont<br \/><\/strong>F\u0151 t\u00e9r 1.<br \/>24420 Magyarkanizsa<br \/>tel: +381 (0)24 4873 151<\/p>\n<\/div>\n<ul>\n<li>\n<p>Igazgat\u00f3<\/p>\n<p><a href=\"mailto: kristina@kanjiza.rs\"><\/p>\n<p>Kristina Molnar Makai<\/p>\n<p><\/a><\/p>\n<\/li>\n<li>\n<p>Projekt menedzser<\/p>\n<p><a href=\"mailto: vigi@kanjiza.rs\"><\/p>\n<p>Laslo Vigi<\/p>\n<p><\/a><\/p>\n<\/li>\n<li>\n<p>Asszisztens nemzetk\u00f6zi projektekhez<\/p>\n<p><a href=\"mailto: dragana@kanjiza.rs\"><\/p>\n<p>Dragana Luki\u0107 Bo\u0161njak<\/p>\n<p><\/a><\/p>\n<\/li>\n<\/ul>\n<p><!--more--><br \/>\n<!-- {\"type\":\"layout\",\"children\":[{\"type\":\"section\",\"props\":{\"image_position\":\"center-center\",\"style\":\"default\",\"title_breakpoint\":\"xl\",\"title_position\":\"top-left\",\"title_rotation\":\"left\",\"vertical_align\":\"middle\",\"width\":\"default\"},\"children\":[{\"type\":\"row\",\"children\":[{\"type\":\"column\",\"props\":{\"image_position\":\"center-center\",\"position_sticky_breakpoint\":\"m\"},\"children\":[{\"type\":\"map\",\"props\":{\"controls\":true,\"dragging\":false,\"image_svg_color\":\"emphasis\",\"link_style\":\"default\",\"link_text\":\"Read more\",\"margin\":\"default\",\"max_zoom\":18,\"meta_align\":\"below-title\",\"meta_element\":\"div\",\"meta_style\":\"text-meta\",\"min_zoom\":0,\"poi\":false,\"show_content\":true,\"show_image\":true,\"show_link\":true,\"show_meta\":true,\"show_title\":true,\"title_element\":\"h3\",\"title_hover_style\":\"reset\",\"type\":\"roadmap\",\"zoom\":10,\"zooming\":false},\"children\":[{\"type\":\"map_item\",\"props\":{\"content\":\"\n\n<p>F\\u0151 t\\u00e9r 1.<br \\\/>24420 Magyarkanizsa<\\\/p>\\n\n\n<p>tel: +381 (0)24 4873 151<\\\/p>\",\"location\":\"46.0643,20.0603\",\"title\":\"Tisza Menti Inform\\u00e1ci\\u00f3s Fejleszt\\u00e9si K\\u00f6zpont\"}}]},{\"type\":\"text\",\"props\":{\"column_breakpoint\":\"m\",\"content\":\"\n\n<p><strong>Tisza Menti Inform\\u00e1ci\\u00f3s Fejleszt\\u00e9si K\\u00f6zpont<br \\\/><\\\/strong>F\\u0151 t\\u00e9r 1.<br \\\/>24420 Magyarkanizsa<br \\\/>tel: +381 (0)24 4873 151<\\\/p>\",\"margin\":\"default\"}},{\"type\":\"description_list\",\"props\":{\"column_breakpoint\":\"m\",\"layout\":\"grid-2\",\"list_element\":\"ul\",\"meta_align\":\"below-content\",\"meta_style\":\"text-meta\",\"show_content\":true,\"show_link\":true,\"show_meta\":true,\"show_title\":true,\"title_element\":\"div\",\"title_grid_column_gap\":\"small\",\"title_grid_row_gap\":\"small\",\"title_grid_width\":\"auto\"},\"children\":[{\"type\":\"description_list_item\",\"props\":{\"content\":\"\n\n<p>Kristina Molnar Makai<\\\/p>\",\"link\":\"mailto: kristina@kanjiza.rs\",\"meta\":\"Igazgat\\u00f3\"}},{\"type\":\"description_list_item\",\"props\":{\"content\":\"\n\n<p>Laslo Vigi<\\\/p>\",\"link\":\"mailto: vigi@kanjiza.rs\",\"meta\":\"Projekt menedzser\"}},{\"type\":\"description_list_item\",\"props\":{\"content\":\"\n\n<p>Dragana Luki\\u0107 Bo\\u0161njak<\\\/p>\",\"link\":\"mailto: dragana@kanjiza.rs\",\"meta\":\"Asszisztens nemzetk\\u00f6zi projektekhez\"}}]}]}]}]}],\"version\":\"4.4.7\"} --><\/p>\n","protected":false},"excerpt":{"rendered":"<p>46.0643,20.0603 Tisza Menti Inform\u00e1ci\u00f3s Fejleszt\u00e9si K\u00f6zpont F\u0151 t\u00e9r 1.24420 Magyarkanizsa tel: +381 (0)24 4873 151 Tisza Menti Inform\u00e1ci\u00f3s Fejleszt\u00e9si K\u00f6zpontF\u0151 t\u00e9r 1.24420 Magyarkanizsatel: +381 (0)24 4873 151 Igazgat\u00f3 Kristina Molnar Makai Projekt menedzser Laslo Vigi Asszisztens nemzetk\u00f6zi projektekhez Dragana Luki\u0107 Bo\u0161njak<\/p>\n","protected":false},"author":101011,"featured_media":0,"parent":0,"menu_order":5,"comment_status":"closed","ping_status":"closed","template":"","meta":{"footnotes":""},"class_list":["post-1440","page","type-page","status-publish","hentry"],"_links":{"self":[{"href":"http:\/\/www.icr.rs\/m\/wp-json\/wp\/v2\/pages\/1440","targetHints":{"allow":["GET"]}}],"collection":[{"href":"http:\/\/www.icr.rs\/m\/wp-json\/wp\/v2\/pages"}],"about":[{"href":"http:\/\/www.icr.rs\/m\/wp-json\/wp\/v2\/types\/page"}],"author":[{"embeddable":true,"href":"http:\/\/www.icr.rs\/m\/wp-json\/wp\/v2\/users\/101011"}],"replies":[{"embeddable":true,"href":"http:\/\/www.icr.rs\/m\/wp-json\/wp\/v2\/comments?post=1440"}],"version-history":[{"count":13,"href":"http:\/\/www.icr.rs\/m\/wp-json\/wp\/v2\/pages\/1440\/revisions"}],"predecessor-version":[{"id":4932,"href":"http:\/\/www.icr.rs\/m\/wp-json\/wp\/v2\/pages\/1440\/revisions\/4932"}],"wp:attachment":[{"href":"http:\/\/www.icr.rs\/m\/wp-json\/wp\/v2\/media?parent=1440"}],"curies":[{"name":"wp","href":"https:\/\/api.w.org\/{rel}","templated":true}]}}