{"id":23,"date":"2010-07-18T02:18:22","date_gmt":"2010-07-18T00:18:22","guid":{"rendered":"http:\/\/www.icr.rs\/e\/"},"modified":"2013-11-06T14:24:35","modified_gmt":"2013-11-06T13:24:35","slug":"sme-development","status":"publish","type":"page","link":"http:\/\/www.icr.rs\/e\/sme-development\/","title":{"rendered":"SME Development"},"content":{"rendered":"<p><a href=\"http:\/\/www.flickr.com\/photos\/oklobdzija\/4635409822\/\"><img loading=\"lazy\" decoding=\"async\" class=\"alignnone\" title=\"By Aleksandar Oklobdzija\" alt=\"By Aleksandar Oklobdzija\" src=\"http:\/\/farm5.static.flickr.com\/4051\/4635409822_190cf57e0b.jpg\" width=\"500\" height=\"334\" \/><\/a><\/p>\n<p>BUSINESS INCUBATOR KANJIZA<\/p>\n<p>Having in mind the experience of developed states with Small and Middle Enterprise (SME) development strategies and using the practice of Business Incubators, the Municipality of Kanjiza has decided to launch the Business Incubator program in Kanjiza. It was shown that such programs may provide a serious boost not only to the direct users of the program but to the economy of the small region as such.<\/p>\n<p>In Kanjiza, the program is run and coordinated by the Centre for Information and Development (ICR-Kanjiza) and funded by the local government of Kanjiza. This project is in harmony with one of the most important strategic goals in the official municipal Development Strategy for the period of 2006-2010 \u2013 the SME sector development.<\/p>\n<p>At the present, there are four \u201ctenants\u201d of the incubator; we have 3 experts assisting the tenants and one employee of ICR-Kanjiza as a coordinator of the program (Molnar Makai Kristina \u2013 see the ICR Staff section of the webpage for her biography). The entrepreneurs were given a low-cost office and supplies, internet access, telephone and fax line, and most importantly, free legal, managerial and accounting advice.<\/p>\n<p>Contact:<\/p>\n<p>BUSINESS INCUBATOR KANJIZA<br \/>\nDo\u017ea \u0110er\u0111a street 4, 24420 Kanji\u017ea<br \/>\n(Next to the National health insurance agency)<br \/>\nTel\/fax: 024\/873 151<br \/>\ne-mail: kristina@icr.rs<\/p>\n","protected":false},"excerpt":{"rendered":"<p>BUSINESS INCUBATOR KANJIZA Having in mind the experience of developed states with Small and Middle Enterprise (SME) development strategies and using the practice of Business Incubators, the Municipality of Kanjiza has decided to launch the Business Incubator program in Kanjiza. It was shown that such programs may provide a serious boost not only to the [&hellip;]<\/p>\n","protected":false},"author":101011,"featured_media":0,"parent":0,"menu_order":3,"comment_status":"closed","ping_status":"open","template":"","meta":{"footnotes":""},"class_list":["post-23","page","type-page","status-publish","hentry"],"_links":{"self":[{"href":"http:\/\/www.icr.rs\/e\/wp-json\/wp\/v2\/pages\/23"}],"collection":[{"href":"http:\/\/www.icr.rs\/e\/wp-json\/wp\/v2\/pages"}],"about":[{"href":"http:\/\/www.icr.rs\/e\/wp-json\/wp\/v2\/types\/page"}],"author":[{"embeddable":true,"href":"http:\/\/www.icr.rs\/e\/wp-json\/wp\/v2\/users\/101011"}],"replies":[{"embeddable":true,"href":"http:\/\/www.icr.rs\/e\/wp-json\/wp\/v2\/comments?post=23"}],"version-history":[{"count":6,"href":"http:\/\/www.icr.rs\/e\/wp-json\/wp\/v2\/pages\/23\/revisions"}],"predecessor-version":[{"id":141,"href":"http:\/\/www.icr.rs\/e\/wp-json\/wp\/v2\/pages\/23\/revisions\/141"}],"wp:attachment":[{"href":"http:\/\/www.icr.rs\/e\/wp-json\/wp\/v2\/media?parent=23"}],"curies":[{"name":"wp","href":"https:\/\/api.w.org\/{rel}","templated":true}]}}