{"id":16,"date":"2010-07-18T02:13:23","date_gmt":"2010-07-18T00:13:23","guid":{"rendered":"http:\/\/www.icr.rs\/e\/"},"modified":"2024-08-26T22:54:01","modified_gmt":"2024-08-26T20:54:01","slug":"the-municipality","status":"publish","type":"page","link":"http:\/\/www.icr.rs\/e\/about-us\/the-municipality\/","title":{"rendered":"The Municipality"},"content":{"rendered":"<p>ABOUT THE MUNICIPALITY<\/p>\n<p><img loading=\"lazy\" decoding=\"async\" class=\"wp-image-223 size-medium alignleft\" src=\"http:\/\/www.icr.rs\/e\/wp-content\/uploads\/2021\/07\/cropped-gradska3-300x199.jpg\" alt=\"\" width=\"300\" height=\"199\" srcset=\"http:\/\/www.icr.rs\/e\/wp-content\/uploads\/2021\/07\/cropped-gradska3-300x199.jpg 300w, http:\/\/www.icr.rs\/e\/wp-content\/uploads\/2021\/07\/cropped-gradska3-1024x680.jpg 1024w, http:\/\/www.icr.rs\/e\/wp-content\/uploads\/2021\/07\/cropped-gradska3-768x510.jpg 768w, http:\/\/www.icr.rs\/e\/wp-content\/uploads\/2021\/07\/cropped-gradska3.jpg 1200w\" sizes=\"(max-width: 300px) 100vw, 300px\" \/>The municipality of Kanji\u017ea is located on the far north of Vojvodina, right next to the border with Hungary (the Horgo\u0161 border crossing), east from the city of Subotica, by the river of Tisa.<\/p>\n<p>The territory of the municipality spreads on a 400 km2 territories and it consists of 13 settlements. Beside the town of Kanji\u017ea those settlements are Horgo\u0161, Martono\u0161, Mali Pesak, Male Pijace, Doline, Orom, Novo Selo, Adorjan, Tre\u0161njevac, Totovo Selo, Vojvoda Zimonji\u0107 and Velebit.<\/p>\n<p>The economy of Kanji\u017ea is lead by the construction industry (Potisje, Keramika, FIM), followed by tourism (Banja Kanji\u017ea, Hotel Lupus), a considerable development of small and middle enterprises and a well developed agro economy.<\/p>\n","protected":false},"excerpt":{"rendered":"<p>ABOUT THE MUNICIPALITY The municipality of Kanji\u017ea is located on the far north of Vojvodina, right next to the border with Hungary (the Horgo\u0161 border crossing), east from the city of Subotica, by the river of Tisa. The territory of the municipality spreads on a 400 km2 territories and it consists of 13 settlements. Beside [&hellip;]<\/p>\n","protected":false},"author":101011,"featured_media":0,"parent":6,"menu_order":0,"comment_status":"closed","ping_status":"open","template":"","meta":{"footnotes":""},"class_list":["post-16","page","type-page","status-publish","hentry"],"_links":{"self":[{"href":"http:\/\/www.icr.rs\/e\/wp-json\/wp\/v2\/pages\/16"}],"collection":[{"href":"http:\/\/www.icr.rs\/e\/wp-json\/wp\/v2\/pages"}],"about":[{"href":"http:\/\/www.icr.rs\/e\/wp-json\/wp\/v2\/types\/page"}],"author":[{"embeddable":true,"href":"http:\/\/www.icr.rs\/e\/wp-json\/wp\/v2\/users\/101011"}],"replies":[{"embeddable":true,"href":"http:\/\/www.icr.rs\/e\/wp-json\/wp\/v2\/comments?post=16"}],"version-history":[{"count":8,"href":"http:\/\/www.icr.rs\/e\/wp-json\/wp\/v2\/pages\/16\/revisions"}],"predecessor-version":[{"id":254,"href":"http:\/\/www.icr.rs\/e\/wp-json\/wp\/v2\/pages\/16\/revisions\/254"}],"up":[{"embeddable":true,"href":"http:\/\/www.icr.rs\/e\/wp-json\/wp\/v2\/pages\/6"}],"wp:attachment":[{"href":"http:\/\/www.icr.rs\/e\/wp-json\/wp\/v2\/media?parent=16"}],"curies":[{"name":"wp","href":"https:\/\/api.w.org\/{rel}","templated":true}]}}