{"id":72,"date":"2013-11-06T14:23:03","date_gmt":"2013-11-06T13:23:03","guid":{"rendered":"http:\/\/www.icr.rs\/d\/?page_id=72"},"modified":"2024-09-26T09:57:45","modified_gmt":"2024-09-26T07:57:45","slug":"kmu-entwicklung","status":"publish","type":"page","link":"http:\/\/www.icr.rs\/d\/kmu-entwicklung\/","title":{"rendered":"KMU-Entwicklung"},"content":{"rendered":"<p><strong><img loading=\"lazy\" decoding=\"async\" class=\"alignnone size-medium wp-image-75\" src=\"http:\/\/www.icr.rs\/d\/wp-content\/uploads\/2013\/11\/SDK-300x200.jpg\" alt=\"SDK\" width=\"300\" height=\"200\" srcset=\"http:\/\/www.icr.rs\/d\/wp-content\/uploads\/2013\/11\/SDK-300x200.jpg 300w, http:\/\/www.icr.rs\/d\/wp-content\/uploads\/2013\/11\/SDK.jpg 500w\" sizes=\"(max-width: 300px) 100vw, 300px\" \/><\/strong><\/p>\n<p><strong>Entwicklungsberater f\u00fcr kleine und mittlere Unternehmen<\/strong><\/p>\n<p><strong>Gr\u00fcndungszentrum Kanjiza<\/strong><\/p>\n<p>In Anbetracht der Erfahrungen von Entwicklungsstrategien der entwickelten Staaten mit kleinen und mittleren Unternehmen und mit der Praxis von Gr\u00fcnderzentren, hat die Gemeinde Kanjiza entschieden, das Business Inkubator-Programm in Kanjiza zu starten. Es wurde gezeigt, dass solche Programme zu ernsthaften Steigerungen f\u00fchren k\u00f6nnen, nicht nur bei den unmittelbaren Nutzern des Programms, sondern auch bei der Wirtschaft der Kleinregionen.<\/p>\n<p>In Kanjiza ist das Programm durch das Zentrum f\u00fcr Information und Entwicklung (ICR-Kanjiza) ausgef\u00fchrt und koordiniert, finanziert von der lokalen Regierung Kanjiza. Dieses Projekt steht im Einklang mit einer den wichtigsten strategischen Zielen in der offiziellen kommunalen Entwicklungsstrategie f\u00fcr die Periode von 2006-2010 \u2013 des KMU-Sektors.<\/p>\n<p>Derzeit gibt es vier \u201cMieter\u201d des Inkubators. Wir haben 3 Experten die die Mieter unterst\u00fctzen und einen Mitarbeiter des ICR-Kanjiza als Koordinator des Programms (Molnar Makai Kristina \u2013 siehe ICR Staff Abschnitt der Webseite f\u00fcr ihre Biographie ).<\/p>\n<p><strong>Kontakt<\/strong>:<\/p>\n<p>Gr\u00fcndungszentrum Kanjiza<br \/>\nAdresse: Doza \u0110er\u0111a Stra\u00dfe 4, 24420 Kanji\u017ea<br \/>\nTel\/fax: 024\/873 151<br \/>\ne-mail: kristina@icr.rs<\/p>\n","protected":false},"excerpt":{"rendered":"<p>Entwicklungsberater f\u00fcr kleine und mittlere Unternehmen Gr\u00fcndungszentrum Kanjiza In Anbetracht der Erfahrungen von Entwicklungsstrategien der entwickelten Staaten mit kleinen und mittleren Unternehmen und mit der Praxis von Gr\u00fcnderzentren, hat die Gemeinde Kanjiza entschieden, das Business Inkubator-Programm in Kanjiza zu starten. Es wurde gezeigt, dass solche Programme zu ernsthaften Steigerungen f\u00fchren k\u00f6nnen, nicht nur bei den [&hellip;]<\/p>\n","protected":false},"author":101010,"featured_media":0,"parent":0,"menu_order":3,"comment_status":"closed","ping_status":"open","template":"","meta":{"footnotes":""},"class_list":["post-72","page","type-page","status-publish","hentry"],"_links":{"self":[{"href":"http:\/\/www.icr.rs\/d\/wp-json\/wp\/v2\/pages\/72"}],"collection":[{"href":"http:\/\/www.icr.rs\/d\/wp-json\/wp\/v2\/pages"}],"about":[{"href":"http:\/\/www.icr.rs\/d\/wp-json\/wp\/v2\/types\/page"}],"author":[{"embeddable":true,"href":"http:\/\/www.icr.rs\/d\/wp-json\/wp\/v2\/users\/101010"}],"replies":[{"embeddable":true,"href":"http:\/\/www.icr.rs\/d\/wp-json\/wp\/v2\/comments?post=72"}],"version-history":[{"count":5,"href":"http:\/\/www.icr.rs\/d\/wp-json\/wp\/v2\/pages\/72\/revisions"}],"predecessor-version":[{"id":202,"href":"http:\/\/www.icr.rs\/d\/wp-json\/wp\/v2\/pages\/72\/revisions\/202"}],"wp:attachment":[{"href":"http:\/\/www.icr.rs\/d\/wp-json\/wp\/v2\/media?parent=72"}],"curies":[{"name":"wp","href":"https:\/\/api.w.org\/{rel}","templated":true}]}}