{"id":70,"date":"2013-11-06T13:37:55","date_gmt":"2013-11-06T12:37:55","guid":{"rendered":"http:\/\/www.icr.rs\/d\/?page_id=70"},"modified":"2024-09-26T10:00:14","modified_gmt":"2024-09-26T08:00:14","slug":"antworten","status":"publish","type":"page","link":"http:\/\/www.icr.rs\/d\/ausschreibung\/antworten\/","title":{"rendered":"Antworten"},"content":{"rendered":"<p><strong>Fragen und Antworten \u00fcber die Ausschreibung<\/strong><br \/>\nVertragstitel: Ausschreibung f\u00fcr eine Besorgung von GIS-Software und der Unterst\u00fctzung der IT- und GPS-Anlagen f\u00fcr das Projekt: &#8220;Aufbau und Antrieb eines Ungarisch-Serbischen Schutz-Systems f\u00fcr grenz\u00fcberschreitende Hochwasser und Binnengew\u00e4sser entlang der Thei\u00df&#8221;<\/p>\n<p>Ver\u00f6ffentlichung: EuropeAid\/131776\/D\/SUP\/RS<\/p>\n<p>Das Zentrum f\u00fcr Information und Entwicklung der Thei\u00df Region (ICR) hat die folgenden Fragen in Bezug der Auschreibung f\u00fcr die Kooperation des HU-SRB grenz\u00fcberschreitenden Projekts: &#8220;Aufbau und Antrieb eines Ungarisch-Serbischen Schutz-Systems f\u00fcr grenz\u00fcberschreitende Hochwasser und Binnengew\u00e4sser entlang der Thei\u00df&#8221; erhalten :<\/p>\n<p><strong>Technische Fragen:<\/strong><br \/>\nHinweis: Technische Daten, externe Sonden:\u00a0 Allgemeine Fragen (bitte beantworten Sie Frage nach Frage):<\/p>\n<p><strong>Was wird mit den Sonden gemessen? Wasserstr\u00f6mung? Dichte? Wasserstand? Verschmutzung? Temperatur?<\/strong><br \/>\nIm Rahmen dieses Projekts muss die Wasserstr\u00f6mung und der Wasserstand gemessen werden, aber die gesamte L\u00f6sung sollte offen f\u00fcr die Integration mit anderen Modulen, wie f\u00fcr Umweltverschmutzung und Dichte, in der Zukunft sein. Unsere Institution ist an einer komplexen L\u00f6sung interessiert, die weiter ausgebaut werden kann.<\/p>\n<p><strong>Sind diese Sonden statische Sonden oder sind sie auf einem Fahrzeug montiert, zum Beispiel auf einem Boot?<\/strong><br \/>\nDiese Sonden sind statische Sonden. Bitte beachten Sie, dass es sich um ein grenz\u00fcberschreitendes Projekt handelt und dass die L\u00f6sung mit der ungarischen Seite besprochen werden muss und auch auf der Ungarischen Seite gemessen werden muss. Wir sind nach wie vor an den Endergebnissen interessiert und der Dienstanbieter muss die technischen Details vorweisen.<\/p>\n<p><strong>Wenn Sie statisch sind, wo sollen sie positioniert werden? F\u00fcr den Fall, dass sie mobil sind, was f\u00fcr ein Ger\u00e4t w\u00e4re das und auf was sollte sie montiert werden?<\/strong><br \/>\nDie L\u00f6sung h\u00e4ngt vom Dienstanbieter ab. Der Anbieter soll auf beiden Seiten der Grenze \u00fcber lokales Wissen vef\u00fcgen. Die Sonden f\u00fcr Binnengew\u00e4sser und Hochwasserschutz werden auf den Vorschlag des Anbieters positioniert. Ziel der Installation ist die Schaffung eines integrierten Informationsfluss mit der ungarischen Datenbank und die Erstellung der Ausgangsdaten.<\/p>\n<p><strong>Ben\u00f6tigen die Sonden Alarmanlagen und zus\u00e4tzlichen Stromausgang?<\/strong><br \/>\nIn den Ausschreibungsunterlagen sind die Einzelheiten eindeutig erkl\u00e4rt, die Sonden ben\u00f6tigen interne Batterie-Stromversorgung.<br \/>\nWas sind die genauen Beschreibungen \u00fcber den Unterkunft- und Drahtungsschutz?<br \/>\nEs gibt keine Normen oder Spezifikationen, weil unsere Institution nur die ben\u00f6tigten technischen Details angeben m\u00f6chte. Jeder Dienstanbieter soll seine eigenen L\u00f6sungen mit all den technischen Details vorlegen.<\/p>\n<p><strong>Hinweis: Technische Daten, externe Sonden: Es gibt keine Angaben \u00fcber GPS-Funktionalit\u00e4t. Ist das eine Unterlassung oder ist diese Funktionalit\u00e4t nicht erforderlich? Mit anderen Worten: Muss die Sonden kompatibel mit den GPS-Ger\u00e4ten sein oder muss die Sonde mit einem GPS-Ger\u00e4t versehen werden? Im letzteren k\u00f6nnen Sie die GPS-Anforderungen\u00a0 pr\u00e4zisieren (Exaktheit, etc. )?<\/strong><\/p>\n<ul>\n<li>Die Sonden m\u00fcssen mit dem GPS-Ger\u00e4ten konform sein. Die Sonden messen und der GPS-Teil kommuniziert mit dem GIS-System. Die technischen Spezifikationen beinhaltet alle wichtigen Einzelheiten, das f\u00fcr den Auftraggeber wichtig ist.<\/li>\n<\/ul>\n<p><strong>Weitere Fragen:<\/strong><br \/>\n<strong>In den Ausschreibungsunterlagen hat der Auftraggeber die folgenden Anforderungen:<\/strong><\/p>\n<ul>\n<li><strong>Bei Punkt 17. Kriterien f\u00fcr die Auswahl 1) (a) der durchschnittliche Jahresumsatz des Kandidaten in den letzten drei Gesch\u00e4ftsjahren muss mindestens so hoch sein wie der in diesem Vertrag; und<\/strong><\/li>\n<li><strong>Der Anbieter hat mindestens an zwei Projekten, mit einem Budget mindestens so hoch wie der in diesem Vertrag, in \u00e4hnlichen Bereichen, die in der folgenden Zeit: 3 Jahre nach dem Eingabetermin, 3. November 2011 erfolgreich gearbeitet;<\/strong><\/li>\n<\/ul>\n<p><strong>Im Hinblick auf die Anforderungen, bitte geben Sie uns vollst\u00e4ndige und detaillierte Informationen \u00fcber das Budget f\u00fcr diesen Vertrag an.<\/strong><\/p>\n<p>Ein Teil dieses Programms der\u00a0 grenz\u00fcbergreifende Zusammenarbeit geh\u00f6rt dem Staat,\u00a0 und die Regeln besagen, dass der Vertragspreis in der Ausschreibung f\u00fcr Lieferauftr\u00e4ge nicht angegeben werden darf. Der Auftraggeber ber\u00fccksichtigt die Kapazit\u00e4t\u00a0 und die verf\u00fcgbaren Mittel des Anbieters.<\/p>\n","protected":false},"excerpt":{"rendered":"<p>Fragen und Antworten \u00fcber die Ausschreibung Vertragstitel: Ausschreibung f\u00fcr eine Besorgung von GIS-Software und der Unterst\u00fctzung der IT- und GPS-Anlagen f\u00fcr das Projekt: &#8220;Aufbau und Antrieb eines Ungarisch-Serbischen Schutz-Systems f\u00fcr grenz\u00fcberschreitende Hochwasser und Binnengew\u00e4sser entlang der Thei\u00df&#8221; Ver\u00f6ffentlichung: EuropeAid\/131776\/D\/SUP\/RS Das Zentrum f\u00fcr Information und Entwicklung der Thei\u00df Region (ICR) hat die folgenden Fragen in Bezug [&hellip;]<\/p>\n","protected":false},"author":101010,"featured_media":0,"parent":64,"menu_order":0,"comment_status":"closed","ping_status":"open","template":"","meta":{"footnotes":""},"class_list":["post-70","page","type-page","status-publish","hentry"],"_links":{"self":[{"href":"http:\/\/www.icr.rs\/d\/wp-json\/wp\/v2\/pages\/70"}],"collection":[{"href":"http:\/\/www.icr.rs\/d\/wp-json\/wp\/v2\/pages"}],"about":[{"href":"http:\/\/www.icr.rs\/d\/wp-json\/wp\/v2\/types\/page"}],"author":[{"embeddable":true,"href":"http:\/\/www.icr.rs\/d\/wp-json\/wp\/v2\/users\/101010"}],"replies":[{"embeddable":true,"href":"http:\/\/www.icr.rs\/d\/wp-json\/wp\/v2\/comments?post=70"}],"version-history":[{"count":2,"href":"http:\/\/www.icr.rs\/d\/wp-json\/wp\/v2\/pages\/70\/revisions"}],"predecessor-version":[{"id":208,"href":"http:\/\/www.icr.rs\/d\/wp-json\/wp\/v2\/pages\/70\/revisions\/208"}],"up":[{"embeddable":true,"href":"http:\/\/www.icr.rs\/d\/wp-json\/wp\/v2\/pages\/64"}],"wp:attachment":[{"href":"http:\/\/www.icr.rs\/d\/wp-json\/wp\/v2\/media?parent=70"}],"curies":[{"name":"wp","href":"https:\/\/api.w.org\/{rel}","templated":true}]}}