{"id":64,"date":"2013-11-06T13:16:06","date_gmt":"2013-11-06T12:16:06","guid":{"rendered":"http:\/\/www.icr.rs\/d\/?page_id=64"},"modified":"2024-09-26T09:59:57","modified_gmt":"2024-09-26T07:59:57","slug":"ausschreibung","status":"publish","type":"page","link":"http:\/\/www.icr.rs\/d\/ausschreibung\/","title":{"rendered":"Ausschreibung"},"content":{"rendered":"<p><img loading=\"lazy\" decoding=\"async\" class=\"alignnone size-medium wp-image-68\" src=\"http:\/\/www.icr.rs\/d\/wp-content\/uploads\/2013\/11\/lhsipa-300x67.jpg\" alt=\"lhsipa\" width=\"300\" height=\"67\" srcset=\"http:\/\/www.icr.rs\/d\/wp-content\/uploads\/2013\/11\/lhsipa-300x67.jpg 300w, http:\/\/www.icr.rs\/d\/wp-content\/uploads\/2013\/11\/lhsipa.jpg 533w\" sizes=\"(max-width: 300px) 100vw, 300px\" \/><\/p>\n<p>&nbsp;<\/p>\n<p>Ausschreibung f\u00fcr eine Besorgung von GIS-Software und der Unterst\u00fctzung der IT- und GPS-Anlagen f\u00fcr das Projekt: &#8220;Aufbau und Antrieb eines Ungarisch-Serbischen Schutz-Systems f\u00fcr grenz\u00fcberschreitende Hochwasser und Binnengew\u00e4sser entlang der Thei\u00df&#8221;<\/p>\n<p>Ver\u00f6ffentlichung: EuropeAid\/131776\/D\/SUP\/RS<\/p>\n<p>Das Zentrum f\u00fcr Information und Entwicklung der Thei\u00df Region ICR m\u00f6chte einen Liefervertrag f\u00fcr:<\/p>\n<p>1. Geoinformationssystem f\u00fcr die Datenkombination aus verschiedenen Quellen und f\u00fcr die Erstellung von Analysen, Berichten und predictive-Tools, sowie Simulations-tools f\u00fcr einige Interventionen und Ergebnissbewertungen.<\/p>\n<p>2.Unterst\u00fctzung der IT und GIS<\/p>\n<p>============<\/p>\n<p>Mehr Details:<\/p>\n<p>Das Zentrum f\u00fcr Information und Entwicklung der Thei\u00df Region ICR m\u00f6chte einen Liefervertrag f\u00fcr:<\/p>\n<p>1. Geoinformationssystem f\u00fcr die Datenkombination aus verschiedenen Quellen und f\u00fcr die Erstellung von Analysen, Berichten und predictive-Tools, sowie Simulations-Tools f\u00fcr einige Interventionen und Ergebnissbewertungen. Dieses System soll die folgenden Bereiche beinhalten und sich mit Fragen aus diesen Bereichen befassen:<\/p>\n<p>-Hydrologische Bestands- und Umweltfragen<\/p>\n<p>&#8211; Sozio-demografische und Gewerbefragen;<\/p>\n<p>&#8211; Infrastruktur und Investitionen<\/p>\n<p>&#8211; Hochwasservorsorge und Katastrophenschutz;<\/p>\n<p>&#8211; Analyse und Berichterstellung<\/p>\n<p>2. Beschaffung von IT und GIS<\/p>\n<p>In Kanji\u017ea mit finanzieller Unterst\u00fctzung aus dem IPA-Programm der Europ\u00e4ischen Union.<\/p>\n<p>Die Ausschreibungsunterlagen finden Sie auf dieser Webseite, und auf der Webseite\u00a0 der EuropeAid:\u00a0 <a href=\"https:\/\/webgate.ec.europa.eu\/europeaid\/online-services\/index.cfm?do=publi.welcome\">webgate.ec.europa.eu\/europeaid\/online-services\/index.cfm?do=publi.welcome.<\/a><\/p>\n<p>Die Frist f\u00fcr die Einreichung der Angebote ist der 3. November 2011 um 12:00 Uhr lokaler Zeit. M\u00f6gliche zus\u00e4tzliche Informationen oder genauere Angaben\/Fragen werden auf der Webseite des Zentrums f\u00fcr Information und Entwicklung der Thei\u00df Region ver\u00f6ffentlicht &#8211; ICR <a href=\"http:\/\/www.icr.rs\/projekti\/hu-srb-ipa\/\">www.icr.rs\/projekti\/hu-srb-ipa\/<\/a> .<\/p>\n<p><a href=\"http:\/\/www.icr.rs\/wp-content\/uploads\/2011\/09\/FINAL-TD-ICR-5.1-24.08.2011-60-days-Sept.3-Nov-3.zip\">Link to the tender dossier<\/a><\/p>\n","protected":false},"excerpt":{"rendered":"<p>&nbsp; Ausschreibung f\u00fcr eine Besorgung von GIS-Software und der Unterst\u00fctzung der IT- und GPS-Anlagen f\u00fcr das Projekt: &#8220;Aufbau und Antrieb eines Ungarisch-Serbischen Schutz-Systems f\u00fcr grenz\u00fcberschreitende Hochwasser und Binnengew\u00e4sser entlang der Thei\u00df&#8221; Ver\u00f6ffentlichung: EuropeAid\/131776\/D\/SUP\/RS Das Zentrum f\u00fcr Information und Entwicklung der Thei\u00df Region ICR m\u00f6chte einen Liefervertrag f\u00fcr: 1. Geoinformationssystem f\u00fcr die Datenkombination aus verschiedenen Quellen [&hellip;]<\/p>\n","protected":false},"author":101010,"featured_media":0,"parent":0,"menu_order":3,"comment_status":"closed","ping_status":"open","template":"","meta":{"footnotes":""},"class_list":["post-64","page","type-page","status-publish","hentry"],"_links":{"self":[{"href":"http:\/\/www.icr.rs\/d\/wp-json\/wp\/v2\/pages\/64"}],"collection":[{"href":"http:\/\/www.icr.rs\/d\/wp-json\/wp\/v2\/pages"}],"about":[{"href":"http:\/\/www.icr.rs\/d\/wp-json\/wp\/v2\/types\/page"}],"author":[{"embeddable":true,"href":"http:\/\/www.icr.rs\/d\/wp-json\/wp\/v2\/users\/101010"}],"replies":[{"embeddable":true,"href":"http:\/\/www.icr.rs\/d\/wp-json\/wp\/v2\/comments?post=64"}],"version-history":[{"count":5,"href":"http:\/\/www.icr.rs\/d\/wp-json\/wp\/v2\/pages\/64\/revisions"}],"predecessor-version":[{"id":207,"href":"http:\/\/www.icr.rs\/d\/wp-json\/wp\/v2\/pages\/64\/revisions\/207"}],"wp:attachment":[{"href":"http:\/\/www.icr.rs\/d\/wp-json\/wp\/v2\/media?parent=64"}],"curies":[{"name":"wp","href":"https:\/\/api.w.org\/{rel}","templated":true}]}}