{"id":59,"date":"2013-11-06T12:43:07","date_gmt":"2013-11-06T11:43:07","guid":{"rendered":"http:\/\/www.icr.rs\/d\/?page_id=59"},"modified":"2024-09-26T09:58:02","modified_gmt":"2024-09-26T07:58:02","slug":"projekte","status":"publish","type":"page","link":"http:\/\/www.icr.rs\/d\/about-us\/projekte\/","title":{"rendered":"Projekte"},"content":{"rendered":"<style type=\"text\/css\"><!-- .naslov { background-color: #ffe401; color: #000; } .siva1 { background-color: #E0E0E0; } --><\/style>\n<p>Diese Seite enth\u00e4lt die Zusammenfassungen der wichtigsten internationalen Projekte, erstellt, angewendet oder durch ICR \u00fcberwacht.<\/p>\n<style type=\"text\/css\"><!-- .naslov { background-color: #ffe401; color: #000; } .siva1 { background-color: #E0E0E0; } --><\/style>\n<p>&nbsp;<\/p>\n<table border=\"0\" cellspacing=\"0\" cellpadding=\"0\">\n<tbody>\n<tr>\n<td valign=\"top\" width=\"569\">\n<p class=\"siva1\">&#8212;&#8212;&#8212;&#8212;&#8212;&#8212;&#8212;&#8212;&#8212;&#8212;&#8212;&#8212;&#8212;&#8212;&#8212;&#8212;&#8212;&#8212;&#8212;&#8212;&#8211;<\/p>\n<p class=\"naslov\"><strong> NACHBARSCHAFTSPROGRAMME, Ref: 05SER 03\/05\/002<br \/>\n<\/strong><\/p>\n<p>Banat 22 \u2013 Promotion der Top 22 Touristenorte und Ereignisse in Banat<\/p>\n<p class=\"siva1\">&#8212;&#8212;&#8212;&#8212;&#8212;&#8212;&#8212;&#8212;&#8212;&#8212;&#8212;&#8212;&#8212;&#8212;&#8212;&#8212;&#8212;&#8212;&#8212;&#8212;&#8211;<\/p>\n<\/td>\n<\/tr>\n<tr>\n<td valign=\"top\" width=\"569\"><span class=\"naslov\"><strong> NACHBARSCHAFTSPROGRAMME 05SER03\/05\/009\u201c<\/strong><strong>&#8220;<\/strong><\/span>Entwicklung und Promotion des Rural Tourismus in der nichtentwickelten grenz\u00fcberschreitenden Region Rum\u00e4nien-Serbien<\/p>\n<p class=\"siva1\">&#8212;&#8212;&#8212;&#8212;&#8212;&#8212;&#8212;&#8212;&#8212;&#8212;&#8212;&#8212;&#8212;&#8212;&#8212;&#8212;&#8212;&#8212;&#8212;&#8212;&#8211;<\/p>\n<\/td>\n<\/tr>\n<tr>\n<td valign=\"top\" width=\"569\"><strong class=\"naslov\"> WECHSELPROGRAMME 04SER01\/11\/069<\/strong>Baukapazit\u00e4t f\u00fcr den EU Beitritt und b\u00fcrgerliche Einbeziehung in die Entwicklung der Gemeinde und der Grundsatzplanung<\/p>\n<p class=\"siva1\">&#8212;&#8212;&#8212;&#8212;&#8212;&#8212;&#8212;&#8212;&#8212;&#8212;&#8212;&#8212;&#8212;&#8212;&#8212;&#8212;&#8212;&#8212;&#8212;&#8212;&#8211;<\/p>\n<\/td>\n<\/tr>\n<tr>\n<td valign=\"top\" width=\"569\"><strong class=\"naslov\"> NACHBARSCHAFTSPROGRAMME, Ref: 04SER02\/01\/008<\/strong>St\u00e4rkung der Kooperation zwischen den ungarischen und serbischen Einrichtungen und Entrepreneuren in dem Gebiet Ba\u010dka.<\/p>\n<p class=\"siva1\">&#8212;&#8212;&#8212;&#8212;&#8212;&#8212;&#8212;&#8212;&#8212;&#8212;&#8212;&#8212;&#8212;&#8212;&#8212;&#8212;&#8212;&#8212;&#8212;&#8212;&#8211;<\/p>\n<\/td>\n<\/tr>\n<tr>\n<td valign=\"top\" width=\"569\" height=\"144\"><span class=\"naslov\"><strong>NACHBARSCHAFTSPROGRAMME 06SER02\/02\/007<\/strong><\/span>Steigern des Umweltpotentials des Flusses Thei\u00df in der N\u00e4he der Grenzgebiete.<\/p>\n<p class=\"siva1\">&#8212;&#8212;&#8212;&#8212;&#8212;&#8212;&#8212;&#8212;&#8212;&#8212;&#8212;&#8212;&#8212;&#8212;&#8212;&#8212;&#8212;&#8212;&#8212;&#8212;&#8211;<\/p>\n<\/td>\n<\/tr>\n<\/tbody>\n<\/table>\n","protected":false},"excerpt":{"rendered":"<p>Diese Seite enth\u00e4lt die Zusammenfassungen der wichtigsten internationalen Projekte, erstellt, angewendet oder durch ICR \u00fcberwacht. &nbsp; &#8212;&#8212;&#8212;&#8212;&#8212;&#8212;&#8212;&#8212;&#8212;&#8212;&#8212;&#8212;&#8212;&#8212;&#8212;&#8212;&#8212;&#8212;&#8212;&#8212;&#8211; NACHBARSCHAFTSPROGRAMME, Ref: 05SER 03\/05\/002 Banat 22 \u2013 Promotion der Top 22 Touristenorte und Ereignisse in Banat &#8212;&#8212;&#8212;&#8212;&#8212;&#8212;&#8212;&#8212;&#8212;&#8212;&#8212;&#8212;&#8212;&#8212;&#8212;&#8212;&#8212;&#8212;&#8212;&#8212;&#8211; NACHBARSCHAFTSPROGRAMME 05SER03\/05\/009\u201c&#8220;Entwicklung und Promotion des Rural Tourismus in der nichtentwickelten grenz\u00fcberschreitenden Region Rum\u00e4nien-Serbien &#8212;&#8212;&#8212;&#8212;&#8212;&#8212;&#8212;&#8212;&#8212;&#8212;&#8212;&#8212;&#8212;&#8212;&#8212;&#8212;&#8212;&#8212;&#8212;&#8212;&#8211; WECHSELPROGRAMME 04SER01\/11\/069Baukapazit\u00e4t f\u00fcr den EU Beitritt und [&hellip;]<\/p>\n","protected":false},"author":101010,"featured_media":0,"parent":2,"menu_order":1,"comment_status":"closed","ping_status":"open","template":"","meta":{"footnotes":""},"class_list":["post-59","page","type-page","status-publish","hentry"],"_links":{"self":[{"href":"http:\/\/www.icr.rs\/d\/wp-json\/wp\/v2\/pages\/59"}],"collection":[{"href":"http:\/\/www.icr.rs\/d\/wp-json\/wp\/v2\/pages"}],"about":[{"href":"http:\/\/www.icr.rs\/d\/wp-json\/wp\/v2\/types\/page"}],"author":[{"embeddable":true,"href":"http:\/\/www.icr.rs\/d\/wp-json\/wp\/v2\/users\/101010"}],"replies":[{"embeddable":true,"href":"http:\/\/www.icr.rs\/d\/wp-json\/wp\/v2\/comments?post=59"}],"version-history":[{"count":11,"href":"http:\/\/www.icr.rs\/d\/wp-json\/wp\/v2\/pages\/59\/revisions"}],"predecessor-version":[{"id":203,"href":"http:\/\/www.icr.rs\/d\/wp-json\/wp\/v2\/pages\/59\/revisions\/203"}],"up":[{"embeddable":true,"href":"http:\/\/www.icr.rs\/d\/wp-json\/wp\/v2\/pages\/2"}],"wp:attachment":[{"href":"http:\/\/www.icr.rs\/d\/wp-json\/wp\/v2\/media?parent=59"}],"curies":[{"name":"wp","href":"https:\/\/api.w.org\/{rel}","templated":true}]}}