{"id":25,"date":"2011-12-19T08:57:00","date_gmt":"2011-12-19T07:57:00","guid":{"rendered":"http:\/\/www.icr.rs\/d\/?page_id=25"},"modified":"2024-09-26T09:59:31","modified_gmt":"2024-09-26T07:59:31","slug":"die-gemeinde","status":"publish","type":"page","link":"http:\/\/www.icr.rs\/d\/about-us\/die-gemeinde\/","title":{"rendered":"Die Gemeinde"},"content":{"rendered":"<p>&nbsp;<\/p>\n<p><img loading=\"lazy\" decoding=\"async\" class=\"alignnone\" title=\"Photo Aleksandar Oklobd\u017eija\" src=\"http:\/\/www.icr.rs\/wp-content\/uploads\/2024\/09\/opstina-kanjiza.jpg\" alt=\"\" width=\"895\" height=\"609\" \/><\/p>\n<p>Die Gemeinde Kanji\u017ea liegt im \u00e4u\u00dfersten Norden der Vojvodina, in unmittelbarer N\u00e4he der Grenze zu Ungarn, \u00f6stlich\u00a0von der Stadt\u00a0Subotica,\u00a0durchquert vom Fluss\u00a0Tisa.<br \/>\nDas\u00a0Gebiet der Gemeinde\u00a0erstreckt sich\u00a0auf einem Gebiet von 400\u00a0km2\u00a0\u00a0und \u00a0besteht aus 13\u00a0Siedlungen. Neben der Stadt Kanji\u017ea sind diese Siedlungen: Horgo\u0161, Martono\u0161, Mali Pesak, Pijace, Doline, Orom, Novo Selo, Adorjan, Tre\u0161njevac, Totovo Selo, Vojvoda Zimonjic und Velebit.<\/p>\n<p>Die Wirtschaft von Kanji\u017ea wird von der Bauindustrie (Potisje, Keramika, FIM)geleitet, durch den Tourismus (Banja Kanjiza, Hotel Lupus)gefolgt, eine betr\u00e4chtliche Entwicklung von kleinen und mittleren Unternehmen und einer guten ausgebauten Agrarwirtschaft.<\/p>\n","protected":false},"excerpt":{"rendered":"<p>&nbsp; Die Gemeinde Kanji\u017ea liegt im \u00e4u\u00dfersten Norden der Vojvodina, in unmittelbarer N\u00e4he der Grenze zu Ungarn, \u00f6stlich\u00a0von der Stadt\u00a0Subotica,\u00a0durchquert vom Fluss\u00a0Tisa. Das\u00a0Gebiet der Gemeinde\u00a0erstreckt sich\u00a0auf einem Gebiet von 400\u00a0km2\u00a0\u00a0und \u00a0besteht aus 13\u00a0Siedlungen. Neben der Stadt Kanji\u017ea sind diese Siedlungen: Horgo\u0161, Martono\u0161, Mali Pesak, Pijace, Doline, Orom, Novo Selo, Adorjan, Tre\u0161njevac, Totovo Selo, Vojvoda Zimonjic [&hellip;]<\/p>\n","protected":false},"author":101011,"featured_media":0,"parent":2,"menu_order":2,"comment_status":"closed","ping_status":"open","template":"","meta":{"footnotes":""},"class_list":["post-25","page","type-page","status-publish","hentry"],"_links":{"self":[{"href":"http:\/\/www.icr.rs\/d\/wp-json\/wp\/v2\/pages\/25"}],"collection":[{"href":"http:\/\/www.icr.rs\/d\/wp-json\/wp\/v2\/pages"}],"about":[{"href":"http:\/\/www.icr.rs\/d\/wp-json\/wp\/v2\/types\/page"}],"author":[{"embeddable":true,"href":"http:\/\/www.icr.rs\/d\/wp-json\/wp\/v2\/users\/101011"}],"replies":[{"embeddable":true,"href":"http:\/\/www.icr.rs\/d\/wp-json\/wp\/v2\/comments?post=25"}],"version-history":[{"count":10,"href":"http:\/\/www.icr.rs\/d\/wp-json\/wp\/v2\/pages\/25\/revisions"}],"predecessor-version":[{"id":205,"href":"http:\/\/www.icr.rs\/d\/wp-json\/wp\/v2\/pages\/25\/revisions\/205"}],"up":[{"embeddable":true,"href":"http:\/\/www.icr.rs\/d\/wp-json\/wp\/v2\/pages\/2"}],"wp:attachment":[{"href":"http:\/\/www.icr.rs\/d\/wp-json\/wp\/v2\/media?parent=25"}],"curies":[{"name":"wp","href":"https:\/\/api.w.org\/{rel}","templated":true}]}}