{"id":2,"date":"2011-12-17T00:07:29","date_gmt":"2011-12-17T00:07:29","guid":{"rendered":"http:\/\/www.icr.rs\/d\/?page_id=2"},"modified":"2024-09-26T09:08:45","modified_gmt":"2024-09-26T07:08:45","slug":"about-us","status":"publish","type":"page","link":"http:\/\/www.icr.rs\/d\/","title":{"rendered":"\u00dcber uns"},"content":{"rendered":"<p><a href=\"http:\/\/www.icr.rs\/wp-content\/uploads\/2024\/08\/slika-zgrade.jpg\"><img loading=\"lazy\" decoding=\"async\" class=\"wp-image-20282 \" src=\"http:\/\/www.icr.rs\/wp-content\/uploads\/2024\/08\/slika-zgrade-1024x658.jpg\" alt=\"\" width=\"800\" height=\"514\" \/><\/a><\/p>\n<p>Das Zentrum f\u00fcr Information und Entwicklung wurde von der Gemeinde Kanjiza gegr\u00fcndet, mit den Aufgaben der Information, Unterst\u00fctzung und F\u00f6rderung der Entwicklung der Gemeinde.<\/p>\n<p>Wir verfolgen regelm\u00e4\u00dfig Zusch\u00fcsse, Darlehen, Investitions-und F\u00f6rderm\u00f6glichkeiten \u00fcber das Internet und \u00fcber anderen Medien. Eines unserer wichtigsten Aufgaben sind schriftliche Projekte f\u00fcr die lokale Regierung oder f\u00fcr eine andere Organisation vor Ort.<br \/>\nIm Einklang mit der offiziellen Entwicklungsstrategie der Gemeinde Kanjiza und den allgemeinen Entwicklungsstrategien der Region, wollen wir zur Entwicklung unserer Gemeinde beitragen. Mit dem Bau wertvoller Partnerschaften, st\u00e4ndig auf der Suche nach Neuem und mit der Jugend auf unserer Seite, scheinen die Ziele, die wir uns gesetzt haben, erreichbar.<br \/>\nIm Juni 2009 unterzeichneten 7 Gemeinden (Kanjiza, Novi Knezevac, Senta, Ada, Coka, Becej, Novi Becej die mehr als 160.000 B\u00fcrger) das Protokoll der Zusammenarbeit der Tisa Region. Diese vereinten Gemeinden arbeiten gemeinsam an internationalen Projekten und an regionalen Initiativen. Die ICR Kanjiza, umbenannt in ICR Potiskog Regiona (Zentrum f\u00fcr Information und Entwicklung der Tisa Region), wurde das Zentrum und der Koordinator der Initiative. ICR ist die Entwicklung neuer regionaler grenz\u00fcberschreitender Projektideen und gleichzeitig tr\u00e4gt sie zur Erh\u00f6hung der Projekt-Kapazit\u00e4ten der Gemeinden bei.<\/p>\n<h4>Kontakte:<\/h4>\n<p>Zentrum f\u00fcr Information und\u00a0Entwicklung<br \/>\nDo\u017ea \u0110er\u0111a 4, 24420 Kanji\u017ea<br \/>\nTel.\/Fax: +381-24-873-151<br \/>\nE-mail: <strong>info@icr.rs<\/strong><\/p>\n<p>&nbsp;<\/p>\n<p><a href=\"http:\/\/www.icr.rs\/e\/wp-content\/uploads\/2010\/07\/Development_strategy_of_the_municipality_of_Kanjiza.pdf\" target=\"_blank\" rel=\"noopener\"><strong>Entwicklungsstrategie der Gemeinde Kanjiza &#8211; Extrakt<\/strong><\/a><\/p>\n","protected":false},"excerpt":{"rendered":"<p>Das Zentrum f\u00fcr Information und Entwicklung wurde von der Gemeinde Kanjiza gegr\u00fcndet, mit den Aufgaben der Information, Unterst\u00fctzung und F\u00f6rderung der Entwicklung der Gemeinde. Wir verfolgen regelm\u00e4\u00dfig Zusch\u00fcsse, Darlehen, Investitions-und F\u00f6rderm\u00f6glichkeiten \u00fcber das Internet und \u00fcber anderen Medien. Eines unserer wichtigsten Aufgaben sind schriftliche Projekte f\u00fcr die lokale Regierung oder f\u00fcr eine andere Organisation vor [&hellip;]<\/p>\n","protected":false},"author":101011,"featured_media":0,"parent":0,"menu_order":0,"comment_status":"closed","ping_status":"open","template":"","meta":{"footnotes":""},"class_list":["post-2","page","type-page","status-publish","hentry"],"_links":{"self":[{"href":"http:\/\/www.icr.rs\/d\/wp-json\/wp\/v2\/pages\/2"}],"collection":[{"href":"http:\/\/www.icr.rs\/d\/wp-json\/wp\/v2\/pages"}],"about":[{"href":"http:\/\/www.icr.rs\/d\/wp-json\/wp\/v2\/types\/page"}],"author":[{"embeddable":true,"href":"http:\/\/www.icr.rs\/d\/wp-json\/wp\/v2\/users\/101011"}],"replies":[{"embeddable":true,"href":"http:\/\/www.icr.rs\/d\/wp-json\/wp\/v2\/comments?post=2"}],"version-history":[{"count":11,"href":"http:\/\/www.icr.rs\/d\/wp-json\/wp\/v2\/pages\/2\/revisions"}],"predecessor-version":[{"id":165,"href":"http:\/\/www.icr.rs\/d\/wp-json\/wp\/v2\/pages\/2\/revisions\/165"}],"wp:attachment":[{"href":"http:\/\/www.icr.rs\/d\/wp-json\/wp\/v2\/media?parent=2"}],"curies":[{"name":"wp","href":"https:\/\/api.w.org\/{rel}","templated":true}]}}